{"id":83,"date":"2015-07-21T20:51:23","date_gmt":"2015-07-21T18:51:23","guid":{"rendered":"http:\/\/www.dumsluzebcb.cz\/?page_id=83"},"modified":"2024-04-02T20:37:46","modified_gmt":"2024-04-02T18:37:46","slug":"nabizene-sluzby","status":"publish","type":"page","link":"https:\/\/www.dumsluzebcb.cz\/?page_id=83","title":{"rendered":"Nab\u00edzen\u00e9 slu\u017eby"},"content":{"rendered":"<p>D\u016eM SLU\u017dEB &#8230; v\u0161e pod jednou st\u0159echou<\/p>\n<p>Nev\u00e1hejte a nav\u0161tivte n\u00e1s.<\/p>\n<p><strong>P\u0159\u00edzem\u00ed:<\/strong><\/p>\n<ul>\n<li>Madetka<\/li>\n<li>N &amp; R v.o.s. &#8211; Od\u011bvy<\/li>\n<li>Kav\u00e1rna &#8222;KAP\u016e\u010cO&#8220;<\/li>\n<li>Moje ambulance<\/li>\n<\/ul>\n<p><strong>I. poschod\u00ed<\/strong><\/p>\n<ul>\n<li>Harmonie &#8211; Zdrav\u00e1 v\u00fd\u017eiva<\/li>\n<li>Second hand &#8211; od\u011bvy<\/li>\n<li>Specialista na finance a reality &#8211; Mgr. Hana Jano\u0161\u0165\u00e1kov\u00e1<\/li>\n<li>Kade\u0159nictv\u00ed \u010cern\u00e1<\/li>\n<li>Krej\u010dovstv\u00ed<\/li>\n<li>Rehabilitace a fyzioterapie OLMA R<\/li>\n<li>Natur Apatyka, Irisdiagnostika<\/li>\n<li>Dou\u010dov\u00e1n\u00ed &#8211; \u0160kola Populo<\/li>\n<li>Dou\u010dov\u00e1n\u00ed &#8211; Robin \u0158e\u017e\u00e1bek<\/li>\n<\/ul>\n<p><strong>II. poschod\u00ed<\/strong><\/p>\n<ul>\n<li>Salon Sonia<\/li>\n<li>REPRO CO v.o.s. &#8211; kop\u00edrov\u00e1n\u00ed<\/li>\n<li>EDEN &#8211; Svatebn\u00ed salon<\/li>\n<li>Tradi\u010dn\u00ed \u010d\u00ednsk\u00e1 medic\u00edna<\/li>\n<li>EFEKT style &#8211; kade\u0159nictv\u00ed<\/li>\n<li>Studijn\u00ed centrum BASIC &#8211; mimo\u0161koln\u00ed v\u00fdchova a vzd\u011bl\u00e1v\u00e1n\u00ed<\/li>\n<li>Podpora implementace d\u011btsk\u00fdch skupin<\/li>\n<li>Ing. \u0160\u00e1rka Valov\u00e1 &#8211; antikvari\u00e1t<\/li>\n<li>Ing. Jitka Zrnov\u00e1 &#8211; mas\u00e1\u017ee<\/li>\n<\/ul>\n<p><strong>III. poschod\u00ed<\/strong><\/p>\n<ul>\n<li>Prevent 99 z.\u00fa.<\/li>\n<li>PYROKONTROL TRADING &amp; CONSULTING<\/li>\n<li>Cambridge Diet &#8211; dieta a zdrav\u00e9 stravov\u00e1n\u00ed<\/li>\n<li>Mas\u00e1\u017ee &#8211; Mauricov\u00e1<\/li>\n<li>Dou\u010dov\u00e1n\u00ed &#8211; Jano\u0161\u0165\u00e1k<\/li>\n<li>V\u00fdklad karet<\/li>\n<li>Kosmetika, pedik\u00fara<\/li>\n<li>Manik\u00fara<\/li>\n<li>Fyzioterapie, mas\u00e1\u017ee Bc.Zeman<\/li>\n<li>Slun\u00ed\u010dko &#8211; mas\u00e1\u017ee, kosmetika<\/li>\n<li>Kade\u0159nictv\u00ed Klojdov\u00e1<\/li>\n<li>A.F.Y. &#8211; \u00fa\u010detnictv\u00ed<\/li>\n<li>Vitalym, s.r.o.<\/li>\n<li>Nehtov\u00e9 studio Nedorostov\u00e1<\/li>\n<\/ul>\n","protected":false},"excerpt":{"rendered":"<p>D\u016eM SLU\u017dEB &#8230; v\u0161e pod jednou st\u0159echou Nev\u00e1hejte a nav\u0161tivte n\u00e1s. P\u0159\u00edzem\u00ed: Madetka N &amp; R v.o.s. &#8211; Od\u011bvy Kav\u00e1rna &#8222;KAP\u016e\u010cO&#8220; Moje ambulance I. poschod\u00ed Harmonie &#8211; Zdrav\u00e1 v\u00fd\u017eiva Second hand &#8211; od\u011bvy Specialista na finance a reality &#8211; Mgr. Hana Jano\u0161\u0165\u00e1kov\u00e1 Kade\u0159nictv\u00ed \u010cern\u00e1 Krej\u010dovstv\u00ed Rehabilitace a fyzioterapie OLMA R Natur Apatyka, Irisdiagnostika Dou\u010dov\u00e1n\u00ed &#8211; &#8230; <a title=\"Nab\u00edzen\u00e9 slu\u017eby\" class=\"read-more\" href=\"https:\/\/www.dumsluzebcb.cz\/?page_id=83\" aria-label=\"\u010c\u00edst v\u00edce o Nab\u00edzen\u00e9 slu\u017eby\">\u010c\u00edst d\u00e1l<\/a><\/p>\n","protected":false},"author":1,"featured_media":0,"parent":0,"menu_order":0,"comment_status":"closed","ping_status":"closed","template":"","meta":{"footnotes":""},"class_list":["post-83","page","type-page","status-publish"],"aioseo_notices":[],"_links":{"self":[{"href":"https:\/\/www.dumsluzebcb.cz\/index.php?rest_route=\/wp\/v2\/pages\/83","targetHints":{"allow":["GET"]}}],"collection":[{"href":"https:\/\/www.dumsluzebcb.cz\/index.php?rest_route=\/wp\/v2\/pages"}],"about":[{"href":"https:\/\/www.dumsluzebcb.cz\/index.php?rest_route=\/wp\/v2\/types\/page"}],"author":[{"embeddable":true,"href":"https:\/\/www.dumsluzebcb.cz\/index.php?rest_route=\/wp\/v2\/users\/1"}],"replies":[{"embeddable":true,"href":"https:\/\/www.dumsluzebcb.cz\/index.php?rest_route=%2Fwp%2Fv2%2Fcomments&post=83"}],"version-history":[{"count":24,"href":"https:\/\/www.dumsluzebcb.cz\/index.php?rest_route=\/wp\/v2\/pages\/83\/revisions"}],"predecessor-version":[{"id":420,"href":"https:\/\/www.dumsluzebcb.cz\/index.php?rest_route=\/wp\/v2\/pages\/83\/revisions\/420"}],"wp:attachment":[{"href":"https:\/\/www.dumsluzebcb.cz\/index.php?rest_route=%2Fwp%2Fv2%2Fmedia&parent=83"}],"curies":[{"name":"wp","href":"https:\/\/api.w.org\/{rel}","templated":true}]}}