{"id":76,"date":"2015-07-21T19:47:53","date_gmt":"2015-07-21T17:47:53","guid":{"rendered":"http:\/\/www.dumsluzebcb.cz\/?page_id=76"},"modified":"2025-03-18T18:36:00","modified_gmt":"2025-03-18T17:36:00","slug":"parkovani-vylohy","status":"publish","type":"page","link":"https:\/\/www.dumsluzebcb.cz\/?page_id=76","title":{"rendered":"Parkov\u00e1n\u00ed, v\u00fdlohy"},"content":{"rendered":"<p>Mo\u017enost celoro\u010dn\u00edho parkov\u00e1n\u00ed na kamerov\u011b zabezpe\u010den\u00e9m soukrom\u00e9m parkovi\u0161ti za budovou.<\/p>\n<p>Mo\u017enost um\u00edst\u011bn\u00ed Va\u0161\u00ed reklamy na osv\u011btlenou plochu nad v\u00fdlohu sm\u011brem do ulice.<\/p>\n<div id=\"metaslider-id-149\" style=\"max-width: 716px; margin: 0 auto;\" class=\"ml-slider-3-107-0 metaslider metaslider-nivo metaslider-149 ml-slider has-dots-nav ms-theme-default\" role=\"region\" aria-label=\"New Slider\" data-height=\"403\" data-width=\"716\">\n    <div id=\"metaslider_container_149\">\n        <div class='slider-wrapper theme-default'><div class='ribbon'><\/div><div id='metaslider_149' class='nivoSlider'><img loading=\"lazy\" decoding=\"async\" src=\"https:\/\/www.dumsluzebcb.cz\/wp-content\/uploads\/2015\/07\/P1160775-716x403.jpg\" height=\"403\" width=\"716\" alt=\"\" class=\"slider-149 slide-147 msDefaultImage\" \/><img loading=\"lazy\" decoding=\"async\" src=\"https:\/\/www.dumsluzebcb.cz\/wp-content\/uploads\/2015\/07\/P1160769-716x403.jpg\" height=\"403\" width=\"716\" alt=\"\" class=\"slider-149 slide-148 msDefaultImage\" \/><\/div><\/div>\n        \n    <\/div>\n<\/div>\n<hr \/>\n<p><em>Pro bli\u017e\u0161\u00ed info n\u00e1s nev\u00e1hejte kontaktovat na telefon <span style=\"text-decoration: underline;\">+420 602 536 535<\/span><\/em><\/p>\n","protected":false},"excerpt":{"rendered":"<p>Mo\u017enost celoro\u010dn\u00edho parkov\u00e1n\u00ed na kamerov\u011b zabezpe\u010den\u00e9m soukrom\u00e9m parkovi\u0161ti za budovou. Mo\u017enost um\u00edst\u011bn\u00ed Va\u0161\u00ed reklamy na osv\u011btlenou plochu nad v\u00fdlohu sm\u011brem do ulice. Pro bli\u017e\u0161\u00ed info n\u00e1s nev\u00e1hejte kontaktovat na telefon +420 602 536 535<\/p>\n","protected":false},"author":1,"featured_media":0,"parent":10,"menu_order":0,"comment_status":"closed","ping_status":"closed","template":"","meta":{"footnotes":""},"class_list":["post-76","page","type-page","status-publish"],"aioseo_notices":[],"_links":{"self":[{"href":"https:\/\/www.dumsluzebcb.cz\/index.php?rest_route=\/wp\/v2\/pages\/76","targetHints":{"allow":["GET"]}}],"collection":[{"href":"https:\/\/www.dumsluzebcb.cz\/index.php?rest_route=\/wp\/v2\/pages"}],"about":[{"href":"https:\/\/www.dumsluzebcb.cz\/index.php?rest_route=\/wp\/v2\/types\/page"}],"author":[{"embeddable":true,"href":"https:\/\/www.dumsluzebcb.cz\/index.php?rest_route=\/wp\/v2\/users\/1"}],"replies":[{"embeddable":true,"href":"https:\/\/www.dumsluzebcb.cz\/index.php?rest_route=%2Fwp%2Fv2%2Fcomments&post=76"}],"version-history":[{"count":5,"href":"https:\/\/www.dumsluzebcb.cz\/index.php?rest_route=\/wp\/v2\/pages\/76\/revisions"}],"predecessor-version":[{"id":434,"href":"https:\/\/www.dumsluzebcb.cz\/index.php?rest_route=\/wp\/v2\/pages\/76\/revisions\/434"}],"up":[{"embeddable":true,"href":"https:\/\/www.dumsluzebcb.cz\/index.php?rest_route=\/wp\/v2\/pages\/10"}],"wp:attachment":[{"href":"https:\/\/www.dumsluzebcb.cz\/index.php?rest_route=%2Fwp%2Fv2%2Fmedia&parent=76"}],"curies":[{"name":"wp","href":"https:\/\/api.w.org\/{rel}","templated":true}]}}