{"id":111,"date":"2015-07-23T14:59:44","date_gmt":"2015-07-23T12:59:44","guid":{"rendered":"http:\/\/www.dumsluzebcb.cz\/?page_id=111"},"modified":"2015-07-26T13:41:28","modified_gmt":"2015-07-26T11:41:28","slug":"fotogalerie","status":"publish","type":"page","link":"https:\/\/www.dumsluzebcb.cz\/?page_id=111","title":{"rendered":"Fotogalerie"},"content":{"rendered":"<style type=\"text\/css\" scoped>.rbs_gallery_69f293c62709cSpinner{\r\n\t\t\t\tmargin: 50px auto;\r\n\t\t\t\twidth: 50px;\r\n\t\t\t\theight: 40px;\r\n\t\t\t\ttext-align: center;\r\n\t\t\t\tfont-size: 10px;\r\n\t\t\t}\r\n\t\t\t.rbs_gallery_69f293c62709cSpinner > div{\r\n\t\t\t  background-color: #333;\r\n\t\t\t  height: 100%;\r\n\t\t\t  width: 6px;\r\n\t\t\t  display: inline-block;\r\n\t\t\t  -webkit-animation: rbs_gallery_69f293c62709c-stretchdelay 1.2s infinite ease-in-out;\r\n\t\t\t  animation: rbs_gallery_69f293c62709c-stretchdelay 1.2s infinite ease-in-out;\r\n\t\t\t}\r\n\t\t\t.rbs_gallery_69f293c62709cSpinner .rbs_gallery_69f293c62709cRect2 {\r\n\t\t\t  -webkit-animation-delay: -1.1s;\r\n\t\t\t  animation-delay: -1.1s;\r\n\t\t\t}\r\n\t\t\t.rbs_gallery_69f293c62709cSpinner .rbs_gallery_69f293c62709cRect3 {\r\n\t\t\t  -webkit-animation-delay: -1.0s;\r\n\t\t\t  animation-delay: -1.0s;\r\n\t\t\t}\r\n\t\t\t.rbs_gallery_69f293c62709cSpinner .rbs_gallery_69f293c62709cRect4 {\r\n\t\t\t  -webkit-animation-delay: -0.9s;\r\n\t\t\t  animation-delay: -0.9s;\r\n\t\t\t}\r\n\t\t\t.rbs_gallery_69f293c62709cSpinner .rbs_gallery_69f293c62709cRect5 {\r\n\t\t\t  -webkit-animation-delay: -0.8s;\r\n\t\t\t  animation-delay: -0.8s;\r\n\t\t\t}\r\n\t\t\t@-webkit-keyframes rbs_gallery_69f293c62709c-stretchdelay {\r\n\t\t\t  0%, 40%, 100% { -webkit-transform: scaleY(0.4) }  \r\n\t\t\t  20% { -webkit-transform: scaleY(1.0) }\r\n\t\t\t}\r\n\t\t\t@keyframes rbs_gallery_69f293c62709c-stretchdelay {\r\n\t\t\t  0%, 40%, 100% { \r\n\t\t\t    transform: scaleY(0.4);\r\n\t\t\t    -webkit-transform: scaleY(0.4);\r\n\t\t\t  }  20% { \r\n\t\t\t    transform: scaleY(1.0);\r\n\t\t\t    -webkit-transform: scaleY(1.0);\r\n\t\t\t  }\r\n\t\t\t}\r\n\t\t<\/style><div class=\"robo-gallery-wrap robo-gallery-wrap-id114 robo-gallery-\" ><div id=\"rbs_gallery_69f293c62709c-block-loader\" class=\"rbs_gallery_69f293c62709cSpinner\"><div class=\"rbs_gallery_69f293c62709cRect1\"><\/div> <div class=\"rbs_gallery_69f293c62709cRect2\"><\/div> <div class=\"rbs_gallery_69f293c62709cRect3\"><\/div> <div class=\"rbs_gallery_69f293c62709cRect4\"><\/div> <div class=\"rbs_gallery_69f293c62709cRect5\"><\/div><\/div><div class=\"rbs_gallery_button  rbs_gallery_align_left\" id=\"rbs_gallery_69f293c62709cfilter\" style=\" display: none;\" ><\/div><div id=\"robo_gallery_main_block_rbs_gallery_69f293c62709c\" class=\"robogallery-gallery-114\" style=\"width:100%;  display: none;\"><div id=\"rbs_gallery_69f293c62709c\" data-options=\"rbs_gallery_69f293c62709c\" style=\"width:100%;\" class=\"robo_gallery  \"><div class=\"rbs-img  category114 \" ><div class=\"rbs-img-image   rbs-lightbox \" ><div class=\"rbs-img-thumbs\"  data-thumbnail=\"https:\/\/www.dumsluzebcb.cz\/wp-content\/uploads\/2015\/07\/P1160777-300x170.jpg\"  title=\"D\u016fm Slu\u017eeb \u010cesk\u00e9 Bud\u011bjovice\"  data-width=\"165\"  data-height=\"124\" ><\/div><div class=\"rbs-img-data-popup\"  data-popup=\"https:\/\/www.dumsluzebcb.cz\/wp-content\/uploads\/2015\/07\/P1160777.jpg\"  title=\"D\u016fm Slu\u017eeb \u010cesk\u00e9 Bud\u011bjovice\" ><\/div><div class=\"thumbnail-overlay\"><div class=\"rbsIcons\"><i class=\"fa fa-search-plus rbsZoomIcon \" ><\/i><\/div><\/div><\/div><\/div><div class=\"rbs-img  category114 \" ><div class=\"rbs-img-image   rbs-lightbox \" ><div class=\"rbs-img-thumbs\"  data-thumbnail=\"https:\/\/www.dumsluzebcb.cz\/wp-content\/uploads\/2015\/07\/P1160705-300x225.jpg\"  title=\"p\u0159\u00edzem\u00ed - hlavn\u00ed schodi\u0161t\u011b\"  data-width=\"165\"  data-height=\"124\" ><\/div><div class=\"rbs-img-data-popup\"  data-popup=\"https:\/\/www.dumsluzebcb.cz\/wp-content\/uploads\/2015\/07\/P1160705.jpg\"  title=\"p\u0159\u00edzem\u00ed - hlavn\u00ed schodi\u0161t\u011b\" ><\/div><div class=\"thumbnail-overlay\"><div class=\"rbsIcons\"><i class=\"fa fa-search-plus rbsZoomIcon \" ><\/i><\/div><\/div><\/div><\/div><div class=\"rbs-img  category114 \" ><div class=\"rbs-img-image   rbs-lightbox \" ><div class=\"rbs-img-thumbs\"  data-thumbnail=\"https:\/\/www.dumsluzebcb.cz\/wp-content\/uploads\/2015\/07\/P1160766-212x300.jpg\"  title=\"p\u0159\u00edzem\u00ed\"  data-width=\"165\"  data-height=\"124\" ><\/div><div class=\"rbs-img-data-popup\"  data-popup=\"https:\/\/www.dumsluzebcb.cz\/wp-content\/uploads\/2015\/07\/P1160766.jpg\"  title=\"p\u0159\u00edzem\u00ed\" ><\/div><div class=\"thumbnail-overlay\"><div class=\"rbsIcons\"><i class=\"fa fa-search-plus rbsZoomIcon \" ><\/i><\/div><\/div><\/div><\/div><div class=\"rbs-img  category114 \" ><div class=\"rbs-img-image   rbs-lightbox \" ><div class=\"rbs-img-thumbs\"  data-thumbnail=\"https:\/\/www.dumsluzebcb.cz\/wp-content\/uploads\/2015\/07\/P1160710-300x225.jpg\"  title=\"1. poschod\u00ed\"  data-width=\"165\"  data-height=\"124\" ><\/div><div class=\"rbs-img-data-popup\"  data-popup=\"https:\/\/www.dumsluzebcb.cz\/wp-content\/uploads\/2015\/07\/P1160710.jpg\"  title=\"1. poschod\u00ed\" ><\/div><div class=\"thumbnail-overlay\"><div class=\"rbsIcons\"><i class=\"fa fa-search-plus rbsZoomIcon \" ><\/i><\/div><\/div><\/div><\/div><div class=\"rbs-img  category114 \" ><div class=\"rbs-img-image   rbs-lightbox \" ><div class=\"rbs-img-thumbs\"  data-thumbnail=\"https:\/\/www.dumsluzebcb.cz\/wp-content\/uploads\/2015\/07\/P1160718-300x225.jpg\"  title=\"1. poschod\u00ed\"  data-width=\"165\"  data-height=\"124\" ><\/div><div class=\"rbs-img-data-popup\"  data-popup=\"https:\/\/www.dumsluzebcb.cz\/wp-content\/uploads\/2015\/07\/P1160718.jpg\"  title=\"1. poschod\u00ed\" ><\/div><div class=\"thumbnail-overlay\"><div class=\"rbsIcons\"><i class=\"fa fa-search-plus rbsZoomIcon \" ><\/i><\/div><\/div><\/div><\/div><div class=\"rbs-img  category114 \" ><div class=\"rbs-img-image   rbs-lightbox \" ><div class=\"rbs-img-thumbs\"  data-thumbnail=\"https:\/\/www.dumsluzebcb.cz\/wp-content\/uploads\/2015\/07\/P1160712-300x225.jpg\"  title=\"1. poschod\u00ed\"  data-width=\"165\"  data-height=\"124\" ><\/div><div class=\"rbs-img-data-popup\"  data-popup=\"https:\/\/www.dumsluzebcb.cz\/wp-content\/uploads\/2015\/07\/P1160712.jpg\"  title=\"1. poschod\u00ed\" ><\/div><div class=\"thumbnail-overlay\"><div class=\"rbsIcons\"><i class=\"fa fa-search-plus rbsZoomIcon \" ><\/i><\/div><\/div><\/div><\/div><div class=\"rbs-img  category114 \" ><div class=\"rbs-img-image   rbs-lightbox \" ><div class=\"rbs-img-thumbs\"  data-thumbnail=\"https:\/\/www.dumsluzebcb.cz\/wp-content\/uploads\/2015\/07\/P1160721-300x225.jpg\"  title=\"\"  data-width=\"165\"  data-height=\"124\" ><\/div><div class=\"rbs-img-data-popup\"  data-popup=\"https:\/\/www.dumsluzebcb.cz\/wp-content\/uploads\/2015\/07\/P1160721.jpg\"  title=\"\"  data-alt=\"svatebn\u00ed salon\" ><\/div><div class=\"thumbnail-overlay\"><div class=\"rbsIcons\"><i class=\"fa fa-search-plus rbsZoomIcon \" ><\/i><\/div><\/div><\/div><\/div><div class=\"rbs-img  category114 \" ><div class=\"rbs-img-image   rbs-lightbox \" ><div class=\"rbs-img-thumbs\"  data-thumbnail=\"https:\/\/www.dumsluzebcb.cz\/wp-content\/uploads\/2015\/07\/P1160723-300x225.jpg\"  title=\"2. poschod\u00ed - hlavn\u00ed schodi\u0161t\u011b\"  data-width=\"165\"  data-height=\"124\" ><\/div><div class=\"rbs-img-data-popup\"  data-popup=\"https:\/\/www.dumsluzebcb.cz\/wp-content\/uploads\/2015\/07\/P1160723.jpg\"  title=\"2. poschod\u00ed - hlavn\u00ed schodi\u0161t\u011b\" ><\/div><div class=\"thumbnail-overlay\"><div class=\"rbsIcons\"><i class=\"fa fa-search-plus rbsZoomIcon \" ><\/i><\/div><\/div><\/div><\/div><div class=\"rbs-img  category114 \" ><div class=\"rbs-img-image   rbs-lightbox \" ><div class=\"rbs-img-thumbs\"  data-thumbnail=\"https:\/\/www.dumsluzebcb.cz\/wp-content\/uploads\/2015\/07\/P1160739-300x225.jpg\"  title=\"2. poschod\u00ed\"  data-width=\"165\"  data-height=\"124\" ><\/div><div class=\"rbs-img-data-popup\"  data-popup=\"https:\/\/www.dumsluzebcb.cz\/wp-content\/uploads\/2015\/07\/P1160739.jpg\"  title=\"2. poschod\u00ed\" ><\/div><div class=\"thumbnail-overlay\"><div class=\"rbsIcons\"><i class=\"fa fa-search-plus rbsZoomIcon \" ><\/i><\/div><\/div><\/div><\/div><div class=\"rbs-img  category114 \" ><div class=\"rbs-img-image   rbs-lightbox \" ><div class=\"rbs-img-thumbs\"  data-thumbnail=\"https:\/\/www.dumsluzebcb.cz\/wp-content\/uploads\/2015\/07\/P1160741-300x225.jpg\"  title=\"2. poschod\u00ed\"  data-width=\"165\"  data-height=\"124\" ><\/div><div class=\"rbs-img-data-popup\"  data-popup=\"https:\/\/www.dumsluzebcb.cz\/wp-content\/uploads\/2015\/07\/P1160741.jpg\"  title=\"2. poschod\u00ed\" ><\/div><div class=\"thumbnail-overlay\"><div class=\"rbsIcons\"><i class=\"fa fa-search-plus rbsZoomIcon \" ><\/i><\/div><\/div><\/div><\/div><div class=\"rbs-img  category114 \" ><div class=\"rbs-img-image   rbs-lightbox \" ><div class=\"rbs-img-thumbs\"  data-thumbnail=\"https:\/\/www.dumsluzebcb.cz\/wp-content\/uploads\/2015\/07\/P1160740-300x225.jpg\"  title=\"2. poschod\u00ed\"  data-width=\"165\"  data-height=\"124\" ><\/div><div class=\"rbs-img-data-popup\"  data-popup=\"https:\/\/www.dumsluzebcb.cz\/wp-content\/uploads\/2015\/07\/P1160740.jpg\"  title=\"2. poschod\u00ed\" ><\/div><div class=\"thumbnail-overlay\"><div class=\"rbsIcons\"><i class=\"fa fa-search-plus rbsZoomIcon \" ><\/i><\/div><\/div><\/div><\/div><div class=\"rbs-img  category114 \" ><div class=\"rbs-img-image   rbs-lightbox \" ><div class=\"rbs-img-thumbs\"  data-thumbnail=\"https:\/\/www.dumsluzebcb.cz\/wp-content\/uploads\/2015\/07\/P1160728-300x225.jpg\"  title=\"3. poschod\u00ed u v\u00fdtahu\"  data-width=\"165\"  data-height=\"124\" ><\/div><div class=\"rbs-img-data-popup\"  data-popup=\"https:\/\/www.dumsluzebcb.cz\/wp-content\/uploads\/2015\/07\/P1160728.jpg\"  title=\"3. poschod\u00ed u v\u00fdtahu\" ><\/div><div class=\"thumbnail-overlay\"><div class=\"rbsIcons\"><i class=\"fa fa-search-plus rbsZoomIcon \" ><\/i><\/div><\/div><\/div><\/div><div class=\"rbs-img  category114 \" ><div class=\"rbs-img-image   rbs-lightbox \" ><div class=\"rbs-img-thumbs\"  data-thumbnail=\"https:\/\/www.dumsluzebcb.cz\/wp-content\/uploads\/2015\/07\/P1160730-300x218.jpg\"  title=\"odpo\u010dinkov\u00e1 z\u00f3na ve 3. poschod\u00ed\"  data-width=\"165\"  data-height=\"124\" ><\/div><div class=\"rbs-img-data-popup\"  data-popup=\"https:\/\/www.dumsluzebcb.cz\/wp-content\/uploads\/2015\/07\/P1160730.jpg\"  title=\"odpo\u010dinkov\u00e1 z\u00f3na ve 3. poschod\u00ed\" ><\/div><div class=\"thumbnail-overlay\"><div class=\"rbsIcons\"><i class=\"fa fa-search-plus rbsZoomIcon \" ><\/i><\/div><\/div><\/div><\/div><div class=\"rbs-img  category114 \" ><div class=\"rbs-img-image   rbs-lightbox \" ><div class=\"rbs-img-thumbs\"  data-thumbnail=\"https:\/\/www.dumsluzebcb.cz\/wp-content\/uploads\/2015\/07\/P1160733-300x223.jpg\"  title=\"3. poschod\u00ed bo\u010dn\u00ed schodi\u0161t\u011b\"  data-width=\"165\"  data-height=\"124\" ><\/div><div class=\"rbs-img-data-popup\"  data-popup=\"https:\/\/www.dumsluzebcb.cz\/wp-content\/uploads\/2015\/07\/P1160733.jpg\"  title=\"3. poschod\u00ed bo\u010dn\u00ed schodi\u0161t\u011b\" ><\/div><div class=\"thumbnail-overlay\"><div class=\"rbsIcons\"><i class=\"fa fa-search-plus rbsZoomIcon \" ><\/i><\/div><\/div><\/div><\/div><div class=\"rbs-img  category114 \" ><div class=\"rbs-img-image   rbs-lightbox \" ><div class=\"rbs-img-thumbs\"  data-thumbnail=\"https:\/\/www.dumsluzebcb.cz\/wp-content\/uploads\/2015\/07\/P1160743-300x225.jpg\"  title=\"bo\u010dn\u00ed schodi\u0161t\u011b\"  data-width=\"165\"  data-height=\"124\" ><\/div><div class=\"rbs-img-data-popup\"  data-popup=\"https:\/\/www.dumsluzebcb.cz\/wp-content\/uploads\/2015\/07\/P1160743.jpg\"  title=\"bo\u010dn\u00ed schodi\u0161t\u011b\" ><\/div><div class=\"thumbnail-overlay\"><div class=\"rbsIcons\"><i class=\"fa fa-search-plus rbsZoomIcon \" ><\/i><\/div><\/div><\/div><\/div><div class=\"rbs-img  category114 \" ><div class=\"rbs-img-image   rbs-lightbox \" ><div class=\"rbs-img-thumbs\"  data-thumbnail=\"https:\/\/www.dumsluzebcb.cz\/wp-content\/uploads\/2015\/07\/P1160727-225x300.jpg\"  title=\"V\u00fdtah\"  data-width=\"165\"  data-height=\"124\" ><\/div><div class=\"rbs-img-data-popup\"  data-popup=\"https:\/\/www.dumsluzebcb.cz\/wp-content\/uploads\/2015\/07\/P1160727.jpg\"  title=\"V\u00fdtah\" ><\/div><div class=\"thumbnail-overlay\"><div class=\"rbsIcons\"><i class=\"fa fa-search-plus rbsZoomIcon \" ><\/i><\/div><\/div><\/div><\/div><\/div><\/div><\/div><script>var rbs_gallery_69f293c62709c = {\"version\":\"5.1.4\",\"id\":114,\"class\":\"id114\",\"roboGalleryDelay\":1000,\"mainContainer\":\"#robo_gallery_main_block_rbs_gallery_69f293c62709c\",\"loadingContainer\":\"#rbs_gallery_69f293c62709c-block-loader\",\"loadingContainerObj\":\"rbs_gallery_69f293c62709c-block-loader\",\"columnWidth\":\"auto\",\"columns\":4,\"resolutions\":[{\"columnWidth\":\"auto\",\"columns\":4,\"maxWidth\":960},{\"columnWidth\":\"auto\",\"columns\":2,\"maxWidth\":650},{\"columnWidth\":200,\"maxWidth\":450}],\"hideTitle\":true,\"lightboxOptions\":{\"gallery\":{\"enabled\":true,\"tCounter\":\"%curr% of %total%\"}},\"overlayEffect\":\"fade\",\"boxesToLoadStart\":12,\"boxesToLoad\":8,\"waitUntilThumbLoads\":1,\"LoadingWord\":\"Loading...\",\"loadMoreWord\":\"Load More\",\"noMoreEntriesWord\":\"No More Entries\",\"horizontalSpaceBetweenBoxes\":15,\"verticalSpaceBetweenBoxes\":15,\"lazyLoad\":1,\"wrapContainer\":\"#robo-gallery-wrap-rbs_gallery_69f293c62709c\",\"filterContainer\":\"#rbs_gallery_69f293c62709cfilter\",\"loadMoreClass\":\"button-border-caution \"};<\/script>\n","protected":false},"excerpt":{"rendered":"","protected":false},"author":1,"featured_media":0,"parent":0,"menu_order":0,"comment_status":"closed","ping_status":"closed","template":"","meta":{"footnotes":""},"class_list":["post-111","page","type-page","status-publish"],"aioseo_notices":[],"_links":{"self":[{"href":"https:\/\/www.dumsluzebcb.cz\/index.php?rest_route=\/wp\/v2\/pages\/111","targetHints":{"allow":["GET"]}}],"collection":[{"href":"https:\/\/www.dumsluzebcb.cz\/index.php?rest_route=\/wp\/v2\/pages"}],"about":[{"href":"https:\/\/www.dumsluzebcb.cz\/index.php?rest_route=\/wp\/v2\/types\/page"}],"author":[{"embeddable":true,"href":"https:\/\/www.dumsluzebcb.cz\/index.php?rest_route=\/wp\/v2\/users\/1"}],"replies":[{"embeddable":true,"href":"https:\/\/www.dumsluzebcb.cz\/index.php?rest_route=%2Fwp%2Fv2%2Fcomments&post=111"}],"version-history":[{"count":5,"href":"https:\/\/www.dumsluzebcb.cz\/index.php?rest_route=\/wp\/v2\/pages\/111\/revisions"}],"predecessor-version":[{"id":187,"href":"https:\/\/www.dumsluzebcb.cz\/index.php?rest_route=\/wp\/v2\/pages\/111\/revisions\/187"}],"wp:attachment":[{"href":"https:\/\/www.dumsluzebcb.cz\/index.php?rest_route=%2Fwp%2Fv2%2Fmedia&parent=111"}],"curies":[{"name":"wp","href":"https:\/\/api.w.org\/{rel}","templated":true}]}}